{"id":4538,"date":"2021-11-22T11:49:04","date_gmt":"2021-11-22T11:49:04","guid":{"rendered":"https:\/\/izmirkagit.com\/?post_type=product&#038;p=4538"},"modified":"2021-11-22T11:49:04","modified_gmt":"2021-11-22T11:49:04","slug":"sarma-kagidi-3-hamur","status":"publish","type":"product","link":"http:\/\/izmirkagit.com\/index.php\/urun\/sarma-kagidi-3-hamur\/","title":{"rendered":"Sarma Ka\u011f\u0131d\u0131 &#8211; 3. Hamur"},"content":{"rendered":"","protected":false},"excerpt":{"rendered":"","protected":false},"featured_media":0,"template":"","meta":[],"product_cat":[45],"product_tag":[],"_links":{"self":[{"href":"http:\/\/izmirkagit.com\/index.php\/wp-json\/wp\/v2\/product\/4538"}],"collection":[{"href":"http:\/\/izmirkagit.com\/index.php\/wp-json\/wp\/v2\/product"}],"about":[{"href":"http:\/\/izmirkagit.com\/index.php\/wp-json\/wp\/v2\/types\/product"}],"wp:attachment":[{"href":"http:\/\/izmirkagit.com\/index.php\/wp-json\/wp\/v2\/media?parent=4538"}],"wp:term":[{"taxonomy":"product_cat","embeddable":true,"href":"http:\/\/izmirkagit.com\/index.php\/wp-json\/wp\/v2\/product_cat?post=4538"},{"taxonomy":"product_tag","embeddable":true,"href":"http:\/\/izmirkagit.com\/index.php\/wp-json\/wp\/v2\/product_tag?post=4538"}],"curies":[{"name":"wp","href":"https:\/\/api.w.org\/{rel}","templated":true}]}}