{"id":4545,"date":"2021-11-22T11:51:54","date_gmt":"2021-11-22T11:51:54","guid":{"rendered":"https:\/\/izmirkagit.com\/?post_type=product&#038;p=4545"},"modified":"2021-11-22T11:51:54","modified_gmt":"2021-11-22T11:51:54","slug":"logo-baskili-25cmx24cm-kraft-pecete","status":"publish","type":"product","link":"http:\/\/izmirkagit.com\/index.php\/urun\/logo-baskili-25cmx24cm-kraft-pecete\/","title":{"rendered":"Logo Bask\u0131l\u0131 25cmx24cm Kraft Pe\u00e7ete"},"content":{"rendered":"","protected":false},"excerpt":{"rendered":"","protected":false},"featured_media":0,"template":"","meta":[],"product_cat":[46],"product_tag":[],"_links":{"self":[{"href":"http:\/\/izmirkagit.com\/index.php\/wp-json\/wp\/v2\/product\/4545"}],"collection":[{"href":"http:\/\/izmirkagit.com\/index.php\/wp-json\/wp\/v2\/product"}],"about":[{"href":"http:\/\/izmirkagit.com\/index.php\/wp-json\/wp\/v2\/types\/product"}],"wp:attachment":[{"href":"http:\/\/izmirkagit.com\/index.php\/wp-json\/wp\/v2\/media?parent=4545"}],"wp:term":[{"taxonomy":"product_cat","embeddable":true,"href":"http:\/\/izmirkagit.com\/index.php\/wp-json\/wp\/v2\/product_cat?post=4545"},{"taxonomy":"product_tag","embeddable":true,"href":"http:\/\/izmirkagit.com\/index.php\/wp-json\/wp\/v2\/product_tag?post=4545"}],"curies":[{"name":"wp","href":"https:\/\/api.w.org\/{rel}","templated":true}]}}