{"id":4551,"date":"2021-11-22T11:53:38","date_gmt":"2021-11-22T11:53:38","guid":{"rendered":"https:\/\/izmirkagit.com\/?post_type=product&#038;p=4551"},"modified":"2021-11-22T11:53:38","modified_gmt":"2021-11-22T11:53:38","slug":"logo-baskili-33cmx33cm-kraft-pct-garson-katlama","status":"publish","type":"product","link":"http:\/\/izmirkagit.com\/index.php\/urun\/logo-baskili-33cmx33cm-kraft-pct-garson-katlama\/","title":{"rendered":"Logo Bask\u0131l\u0131 33cmx33cm Kraft P\u00e7t Garson Katlama"},"content":{"rendered":"","protected":false},"excerpt":{"rendered":"","protected":false},"featured_media":0,"template":"","meta":[],"product_cat":[46],"product_tag":[],"_links":{"self":[{"href":"http:\/\/izmirkagit.com\/index.php\/wp-json\/wp\/v2\/product\/4551"}],"collection":[{"href":"http:\/\/izmirkagit.com\/index.php\/wp-json\/wp\/v2\/product"}],"about":[{"href":"http:\/\/izmirkagit.com\/index.php\/wp-json\/wp\/v2\/types\/product"}],"wp:attachment":[{"href":"http:\/\/izmirkagit.com\/index.php\/wp-json\/wp\/v2\/media?parent=4551"}],"wp:term":[{"taxonomy":"product_cat","embeddable":true,"href":"http:\/\/izmirkagit.com\/index.php\/wp-json\/wp\/v2\/product_cat?post=4551"},{"taxonomy":"product_tag","embeddable":true,"href":"http:\/\/izmirkagit.com\/index.php\/wp-json\/wp\/v2\/product_tag?post=4551"}],"curies":[{"name":"wp","href":"https:\/\/api.w.org\/{rel}","templated":true}]}}