{"id":2817,"date":"2019-02-14T13:13:45","date_gmt":"2019-02-14T13:13:45","guid":{"rendered":"http:\/\/argukitchen.useful-pixels.com\/?page_id=2817"},"modified":"2021-11-01T08:17:42","modified_gmt":"2021-11-01T08:17:42","slug":"hakkimizda","status":"publish","type":"page","link":"https:\/\/izmirkagit.com\/index.php\/hakkimizda\/","title":{"rendered":"HAKKIMIZDA"},"content":{"rendered":"<p>[vc_row][vc_column width=&#8221;1\/2&#8243;][vc_empty_space height=&#8221;125px&#8221; emsmh=&#8221;50px&#8221;][vc_single_image image=&#8221;4497&#8243; img_size=&#8221;full&#8221;][\/vc_column][vc_column width=&#8221;1\/2&#8243; css=&#8221;.vc_custom_1551010773022{padding-left: 6% !important;}&#8221;][vc_empty_space height=&#8221;106px&#8221; emsmh=&#8221;50px&#8221;][vc_custom_heading text=&#8221;HAKKIMIZDA&#8221; use_theme_fonts=&#8221;yes&#8221;][vc_empty_space height=&#8221;18px&#8221;][vc_column_text]Euplus Lojistik Ambalaj San. Tic. A.\u015e.. olarak \u0130zmir ve \u0130stanbul&#8217;da birden fazla i\u015ftirakimizle, geli\u015ftirdi\u011fimiz i\u015fbirliklikleri ve \u00e7\u00f6z\u00fcmlerimizle pazara yeni heyecanlar getiriyoruz.<\/p>\n<p>M\u00fc\u015fterilerimize, do\u011fru \u00fcr\u00fcn\u00fc, do\u011fru zamanda, do\u011fru yerde ve uygun fiyatla sunmak \u00fczere \u00e7\u0131kt\u0131\u011f\u0131m\u0131z bu yolda, a\u011f\u0131rl\u0131kl\u0131 olarak g\u0131da ve hizmet sekt\u00f6r\u00fcndeki ulusal firmalar i\u00e7in lojistik ve tedarik servisleri vermekteyiz.<\/p>\n<p>\u00c7\u00f6z\u00fcm sundu\u011fumuz firmalar\u0131n i\u015f s\u00fcre\u00e7lerine entegrasyon sa\u011flayarak m\u00fc\u015fteri memnuniyetlerini art\u0131racak stratejileri ve i\u015f modellerini birlikte geli\u015ftiriyoruz.[\/vc_column_text][vc_empty_space height=&#8221;80px&#8221;][\/vc_column][\/vc_row][vc_row up_bg_fix=&#8221;yes&#8221; css=&#8221;.vc_custom_1553291008216{background-image: url(http:\/\/argukitchen.useful-pixels.com\/wp-content\/uploads\/2016\/03\/argup12.jpg?id=2729) !important;background-position: center !important;background-repeat: no-repeat !important;background-size: cover !important;}&#8221; up_overlay_row=&#8221;rgba(31,40,47,0.9)&#8221;][vc_column][\/vc_column][\/vc_row][vc_row css=&#8221;.vc_custom_1634079731139{background-color: #141414 !important;}&#8221;][vc_column][vc_empty_space height=&#8221;59px&#8221; emsmh=&#8221;35px&#8221;][vc_custom_heading text=&#8221;HER T\u00dcRL\u00dc SORU VE G\u00d6R\u00dc\u015eLER\u0130N\u0130Z \u0130\u00c7\u0130N ?&#8221; font_container=&#8221;tag:h3|text_align:center|color:%23ffffff&#8221; use_theme_fonts=&#8221;yes&#8221;][vc_button color=&#8221;up_btn-s&#8221; bt_customcolor=&#8221;#ffffff&#8221; bg_customcolor=&#8221;#d5ac63&#8243; align=&#8221;center&#8221; title=&#8221;\u0130LET\u0130\u015e\u0130M&#8221; href=&#8221;#&#8221;][vc_empty_space height=&#8221;59px&#8221; emsmh=&#8221;35px&#8221;][\/vc_column][\/vc_row]<\/p>\n","protected":false},"excerpt":{"rendered":"<p>[vc_row][vc_column width=&#8221;1\/2&#8243;][vc_empty_space height=&#8221;125px&#8221; emsmh=&#8221;50px&#8221;][vc_single_image image=&#8221;4497&#8243; img_size=&#8221;full&#8221;][\/vc_column][vc_column width=&#8221;1\/2&#8243; css=&#8221;.vc_custom_1551010773022{padding-left: 6% !important;}&#8221;][vc_empty_space height=&#8221;106px&#8221; emsmh=&#8221;50px&#8221;][vc_custom_heading text=&#8221;HAKKIMIZDA&#8221; use_theme_fonts=&#8221;yes&#8221;][vc_empty_space height=&#8221;18px&#8221;][vc_column_text]Euplus Lojistik Ambalaj San. Tic. A.\u015e.. olarak \u0130zmir ve \u0130stanbul&#8217;da birden fazla i\u015ftirakimizle, geli\u015ftirdi\u011fimiz i\u015fbirliklikleri ve \u00e7\u00f6z\u00fcmlerimizle pazara yeni heyecanlar getiriyoruz. M\u00fc\u015fterilerimize, do\u011fru \u00fcr\u00fcn\u00fc, do\u011fru zamanda, do\u011fru yerde ve uygun fiyatla sunmak \u00fczere \u00e7\u0131kt\u0131\u011f\u0131m\u0131z bu yolda, a\u011f\u0131rl\u0131kl\u0131 olarak g\u0131da ve hizmet sekt\u00f6r\u00fcndeki ulusal firmalar i\u00e7in lojistik ve tedarik servisleri vermekteyiz. \u00c7\u00f6z\u00fcm sundu\u011fumuz firmalar\u0131n i\u015f s\u00fcre\u00e7lerine entegrasyon sa\u011flayarak m\u00fc\u015fteri memnuniyetlerini art\u0131racak stratejileri ve i\u015f modellerini birlikte geli\u015ftiriyoruz.[\/vc_column_text][vc_empty_space height=&#8221;80px&#8221;][\/vc_column][\/vc_row][vc_row up_bg_fix=&#8221;yes&#8221; css=&#8221;.vc_custom_1553291008216{background-image: url(http:\/\/argukitchen.useful-pixels.com\/wp-content\/uploads\/2016\/03\/argup12.jpg?id=2729) !important;background-position: center !important;background-repeat: no-repeat !important;background-size: cover !important;}&#8221; up_overlay_row=&#8221;rgba(31,40,47,0.9)&#8221;][vc_column][\/vc_column][\/vc_row][vc_row css=&#8221;.vc_custom_1634079731139{background-color: #141414 !important;}&#8221;][vc_column][vc_empty_space height=&#8221;59px&#8221; emsmh=&#8221;35px&#8221;][vc_custom_heading text=&#8221;HER T\u00dcRL\u00dc SORU &hellip; <a href=\"https:\/\/izmirkagit.com\/index.php\/hakkimizda\/\">Continued<\/a><\/p>\n","protected":false},"author":1,"featured_media":0,"parent":0,"menu_order":0,"comment_status":"closed","ping_status":"closed","template":"page-fullwidth.php","meta":[],"_links":{"self":[{"href":"https:\/\/izmirkagit.com\/index.php\/wp-json\/wp\/v2\/pages\/2817"}],"collection":[{"href":"https:\/\/izmirkagit.com\/index.php\/wp-json\/wp\/v2\/pages"}],"about":[{"href":"https:\/\/izmirkagit.com\/index.php\/wp-json\/wp\/v2\/types\/page"}],"author":[{"embeddable":true,"href":"https:\/\/izmirkagit.com\/index.php\/wp-json\/wp\/v2\/users\/1"}],"replies":[{"embeddable":true,"href":"https:\/\/izmirkagit.com\/index.php\/wp-json\/wp\/v2\/comments?post=2817"}],"version-history":[{"count":5,"href":"https:\/\/izmirkagit.com\/index.php\/wp-json\/wp\/v2\/pages\/2817\/revisions"}],"predecessor-version":[{"id":4358,"href":"https:\/\/izmirkagit.com\/index.php\/wp-json\/wp\/v2\/pages\/2817\/revisions\/4358"}],"wp:attachment":[{"href":"https:\/\/izmirkagit.com\/index.php\/wp-json\/wp\/v2\/media?parent=2817"}],"curies":[{"name":"wp","href":"https:\/\/api.w.org\/{rel}","templated":true}]}}