{"id":4481,"date":"2021-10-28T09:08:35","date_gmt":"2021-10-28T09:08:35","guid":{"rendered":"https:\/\/izmirkagit.com\/test\/?post_type=product&#038;p=4481"},"modified":"2021-11-01T07:54:06","modified_gmt":"2021-11-01T07:54:06","slug":"baskili-pecete","status":"publish","type":"product","link":"https:\/\/izmirkagit.com\/index.php\/urun\/baskili-pecete\/","title":{"rendered":"Bask\u0131l\u0131 Pe\u00e7ete"},"content":{"rendered":"","protected":false},"excerpt":{"rendered":"","protected":false},"featured_media":4492,"template":"","meta":[],"product_cat":[46],"product_tag":[],"_links":{"self":[{"href":"https:\/\/izmirkagit.com\/index.php\/wp-json\/wp\/v2\/product\/4481"}],"collection":[{"href":"https:\/\/izmirkagit.com\/index.php\/wp-json\/wp\/v2\/product"}],"about":[{"href":"https:\/\/izmirkagit.com\/index.php\/wp-json\/wp\/v2\/types\/product"}],"wp:featuredmedia":[{"embeddable":true,"href":"https:\/\/izmirkagit.com\/index.php\/wp-json\/wp\/v2\/media\/4492"}],"wp:attachment":[{"href":"https:\/\/izmirkagit.com\/index.php\/wp-json\/wp\/v2\/media?parent=4481"}],"wp:term":[{"taxonomy":"product_cat","embeddable":true,"href":"https:\/\/izmirkagit.com\/index.php\/wp-json\/wp\/v2\/product_cat?post=4481"},{"taxonomy":"product_tag","embeddable":true,"href":"https:\/\/izmirkagit.com\/index.php\/wp-json\/wp\/v2\/product_tag?post=4481"}],"curies":[{"name":"wp","href":"https:\/\/api.w.org\/{rel}","templated":true}]}}