{"id":4541,"date":"2021-11-22T11:49:45","date_gmt":"2021-11-22T11:49:45","guid":{"rendered":"https:\/\/izmirkagit.com\/?post_type=product&#038;p=4541"},"modified":"2021-11-22T11:49:45","modified_gmt":"2021-11-22T11:49:45","slug":"pide-kagidi","status":"publish","type":"product","link":"https:\/\/izmirkagit.com\/index.php\/urun\/pide-kagidi\/","title":{"rendered":"Pide Ka\u011f\u0131d\u0131"},"content":{"rendered":"","protected":false},"excerpt":{"rendered":"","protected":false},"featured_media":0,"template":"","meta":[],"product_cat":[45],"product_tag":[],"_links":{"self":[{"href":"https:\/\/izmirkagit.com\/index.php\/wp-json\/wp\/v2\/product\/4541"}],"collection":[{"href":"https:\/\/izmirkagit.com\/index.php\/wp-json\/wp\/v2\/product"}],"about":[{"href":"https:\/\/izmirkagit.com\/index.php\/wp-json\/wp\/v2\/types\/product"}],"wp:attachment":[{"href":"https:\/\/izmirkagit.com\/index.php\/wp-json\/wp\/v2\/media?parent=4541"}],"wp:term":[{"taxonomy":"product_cat","embeddable":true,"href":"https:\/\/izmirkagit.com\/index.php\/wp-json\/wp\/v2\/product_cat?post=4541"},{"taxonomy":"product_tag","embeddable":true,"href":"https:\/\/izmirkagit.com\/index.php\/wp-json\/wp\/v2\/product_tag?post=4541"}],"curies":[{"name":"wp","href":"https:\/\/api.w.org\/{rel}","templated":true}]}}