{"id":4542,"date":"2021-11-22T11:50:36","date_gmt":"2021-11-22T11:50:36","guid":{"rendered":"https:\/\/izmirkagit.com\/?post_type=product&#038;p=4542"},"modified":"2021-11-22T11:50:36","modified_gmt":"2021-11-22T11:50:36","slug":"baton-ekmek-kagidi-pencereli","status":"publish","type":"product","link":"https:\/\/izmirkagit.com\/index.php\/urun\/baton-ekmek-kagidi-pencereli\/","title":{"rendered":"Baton Ekmek Ka\u011f\u0131d\u0131 &#8211; Pencereli"},"content":{"rendered":"","protected":false},"excerpt":{"rendered":"","protected":false},"featured_media":0,"template":"","meta":[],"product_cat":[45],"product_tag":[],"_links":{"self":[{"href":"https:\/\/izmirkagit.com\/index.php\/wp-json\/wp\/v2\/product\/4542"}],"collection":[{"href":"https:\/\/izmirkagit.com\/index.php\/wp-json\/wp\/v2\/product"}],"about":[{"href":"https:\/\/izmirkagit.com\/index.php\/wp-json\/wp\/v2\/types\/product"}],"wp:attachment":[{"href":"https:\/\/izmirkagit.com\/index.php\/wp-json\/wp\/v2\/media?parent=4542"}],"wp:term":[{"taxonomy":"product_cat","embeddable":true,"href":"https:\/\/izmirkagit.com\/index.php\/wp-json\/wp\/v2\/product_cat?post=4542"},{"taxonomy":"product_tag","embeddable":true,"href":"https:\/\/izmirkagit.com\/index.php\/wp-json\/wp\/v2\/product_tag?post=4542"}],"curies":[{"name":"wp","href":"https:\/\/api.w.org\/{rel}","templated":true}]}}