{"id":4546,"date":"2021-11-22T11:52:12","date_gmt":"2021-11-22T11:52:12","guid":{"rendered":"https:\/\/izmirkagit.com\/?post_type=product&#038;p=4546"},"modified":"2021-11-22T11:52:12","modified_gmt":"2021-11-22T11:52:12","slug":"logo-baskili-25cmx24cm-renkli-pecete","status":"publish","type":"product","link":"https:\/\/izmirkagit.com\/index.php\/urun\/logo-baskili-25cmx24cm-renkli-pecete\/","title":{"rendered":"Logo Bask\u0131l\u0131 25cmx24cm Renkli Pe\u00e7ete"},"content":{"rendered":"","protected":false},"excerpt":{"rendered":"","protected":false},"featured_media":0,"template":"","meta":[],"product_cat":[46],"product_tag":[],"_links":{"self":[{"href":"https:\/\/izmirkagit.com\/index.php\/wp-json\/wp\/v2\/product\/4546"}],"collection":[{"href":"https:\/\/izmirkagit.com\/index.php\/wp-json\/wp\/v2\/product"}],"about":[{"href":"https:\/\/izmirkagit.com\/index.php\/wp-json\/wp\/v2\/types\/product"}],"wp:attachment":[{"href":"https:\/\/izmirkagit.com\/index.php\/wp-json\/wp\/v2\/media?parent=4546"}],"wp:term":[{"taxonomy":"product_cat","embeddable":true,"href":"https:\/\/izmirkagit.com\/index.php\/wp-json\/wp\/v2\/product_cat?post=4546"},{"taxonomy":"product_tag","embeddable":true,"href":"https:\/\/izmirkagit.com\/index.php\/wp-json\/wp\/v2\/product_tag?post=4546"}],"curies":[{"name":"wp","href":"https:\/\/api.w.org\/{rel}","templated":true}]}}