{"id":4553,"date":"2021-11-22T11:54:18","date_gmt":"2021-11-22T11:54:18","guid":{"rendered":"https:\/\/izmirkagit.com\/?post_type=product&#038;p=4553"},"modified":"2021-11-22T11:54:18","modified_gmt":"2021-11-22T11:54:18","slug":"logo-baskili-40cmx40cm-kraft-pecete","status":"publish","type":"product","link":"https:\/\/izmirkagit.com\/index.php\/urun\/logo-baskili-40cmx40cm-kraft-pecete\/","title":{"rendered":"Logo Bask\u0131l\u0131 40cmx40cm Kraft Pe\u00e7ete"},"content":{"rendered":"","protected":false},"excerpt":{"rendered":"","protected":false},"featured_media":0,"template":"","meta":[],"product_cat":[46],"product_tag":[],"_links":{"self":[{"href":"https:\/\/izmirkagit.com\/index.php\/wp-json\/wp\/v2\/product\/4553"}],"collection":[{"href":"https:\/\/izmirkagit.com\/index.php\/wp-json\/wp\/v2\/product"}],"about":[{"href":"https:\/\/izmirkagit.com\/index.php\/wp-json\/wp\/v2\/types\/product"}],"wp:attachment":[{"href":"https:\/\/izmirkagit.com\/index.php\/wp-json\/wp\/v2\/media?parent=4553"}],"wp:term":[{"taxonomy":"product_cat","embeddable":true,"href":"https:\/\/izmirkagit.com\/index.php\/wp-json\/wp\/v2\/product_cat?post=4553"},{"taxonomy":"product_tag","embeddable":true,"href":"https:\/\/izmirkagit.com\/index.php\/wp-json\/wp\/v2\/product_tag?post=4553"}],"curies":[{"name":"wp","href":"https:\/\/api.w.org\/{rel}","templated":true}]}}